{"id":26224,"date":"2025-09-05T06:43:03","date_gmt":"2025-09-05T06:43:03","guid":{"rendered":"https:\/\/aienable.eu\/?page_id=26224"},"modified":"2025-10-15T20:53:52","modified_gmt":"2025-10-15T20:53:52","slug":"ogrenmeye-baslayin","status":"publish","type":"page","link":"https:\/\/aienable.eu\/tr\/start-learning\/","title":{"rendered":"Start Learning"},"content":{"rendered":"<div data-elementor-type=\"wp-page\" data-elementor-id=\"26224\" class=\"elementor elementor-26224\" data-elementor-post-type=\"page\">\n\t\t\t\t<div class=\"elementor-element elementor-element-a2de0d0 e-flex e-con-boxed e-con e-parent\" data-id=\"a2de0d0\" data-element_type=\"container\" data-e-type=\"container\">\n\t\t\t\t\t<div class=\"e-con-inner\">\n\t\t\t\t<div class=\"elementor-element elementor-element-753539a elementor-headline--style-rotate elementor-widget elementor-widget-animated-headline\" data-id=\"753539a\" data-element_type=\"widget\" data-e-type=\"widget\" data-settings=\"{&quot;headline_style&quot;:&quot;rotate&quot;,&quot;animation_type&quot;:&quot;slide-down&quot;,&quot;rotating_text&quot;:&quot;Courses&quot;,&quot;loop&quot;:&quot;yes&quot;,&quot;rotate_iteration_delay&quot;:2500}\" data-widget_type=\"animated-headline.default\">\n\t\t\t\t<div class=\"elementor-widget-container\">\n\t\t\t\t\t\t\t<h3 class=\"elementor-headline elementor-headline-animation-type-slide-down\">\n\t\t\t\t\t<span class=\"elementor-headline-plain-text elementor-headline-text-wrapper\">Bizi Ke\u015ffedin<\/span>\n\t\t\t\t<span class=\"elementor-headline-dynamic-wrapper elementor-headline-text-wrapper\">\n\t\t\t\t\t<span class=\"elementor-headline-dynamic-text elementor-headline-text-active\">\n\t\t\t\tKurslar\t\t\t<\/span>\n\t\t\t\t\t\t<\/span>\n\t\t\t\t<\/h3>\n\t\t\t\t\t\t<\/div>\n\t\t\t\t<\/div>\n\t\t\t\t\t<\/div>\n\t\t\t\t<\/div>\n\t\t<div class=\"elementor-element elementor-element-adb21c6 e-flex e-con-boxed e-con e-parent\" data-id=\"adb21c6\" data-element_type=\"container\" data-e-type=\"container\">\n\t\t\t\t\t<div class=\"e-con-inner\">\n\t\t\t\t<div class=\"elementor-element elementor-element-bb72938 elementor-widget elementor-widget-tpc-ld-courses\" data-id=\"bb72938\" data-element_type=\"widget\" data-e-type=\"widget\" data-widget_type=\"tpc-ld-courses.default\">\n\t\t\t\t<div class=\"elementor-widget-container\">\n\t\t\t\t\t<section class=\"tpc-courses\"><div class=\"course__filter isotope-filter acenter\"><a href=\"#\" data-filter=\".tpc-course\" class=\"active\">All<span class=\"number_filter\"><\/span><\/a><a href=\"https:\/\/aienable.eu\/tr\/course-category\/management\/\" data-filter=\".course-management\">Y\u00f6netim<span class=\"number_filter\"><\/span><\/a><a href=\"https:\/\/aienable.eu\/tr\/course-category\/teachers\/\" data-filter=\".course-teachers\">\u00d6\u011fretmenler<span class=\"number_filter\"><\/span><\/a><\/div><div class=\"tpc-courses__grid grid-col--2 isotope\"><article class=\"tpc-course course-teachers\"><div class=\"course__container\"><div class=\"course__media\"><a class=\"course__media-link\" href=\"https:\/\/aienable.eu\/tr\/courses\/ai-teach\/\"><img decoding=\"async\" src=\"https:\/\/aienable.eu\/wp-content\/uploads\/2025\/08\/AI-teach-image-740x540.jpg\" alt=\"\" \/><\/a>            <div class=\"course__content--info\"><div class=\"course__top-meta\"><div class=\"course__categories\"><a href=\"https:\/\/aienable.eu\/tr\/course-category\/teachers\/\" rel=\"tag\">\u00d6\u011fretmenler<\/a><\/div><\/div><h3 class=\"course__title\"><a class=\"course__title-link\" href=\"https:\/\/aienable.eu\/tr\/courses\/ai-teach\/\">AI Teach: Kapsay\u0131c\u0131 \u00d6\u011frenimi Yapay Zeka ile G\u00fc\u00e7lendirmek<\/a><\/h3><div class=\"course__excerpt\">Bu e\u011fitim, yapay zekay\u0131 (AI) entegre ederek kapsay\u0131c\u0131 \u00f6\u011fretim uygulamalar\u0131n\u0131 geli\u015ftirmek isteyen y\u00fcksek\u00f6\u011fretim \u00f6\u011fretmenleri i\u00e7in tasarlanm\u0131\u015ft\u0131r. \u0130ster yapay zeka konusunda yeni olun ister onu daha bilin\u00e7li bir \u015fekilde kullanmak isteyin, bu kurs size...<\/div><div class=\"course-meta\"><\/div><\/div><div class=\"course__content--meta\"><div class=\"course__meta-left\">            <span class=\"course-lesson\"> \n                <i class=\"flaticon-book-1\"><\/i> \n                5 Ders                            <\/span>\n                    <span class=\"course-topic\"> \n                <i class=\"flaticon-book-1\"><\/i> \n                18 Konu                            <\/span>\n        <\/div><\/div><\/div><\/div><\/article><article class=\"tpc-course course-management\"><div class=\"course__container\"><div class=\"course__media\"><a class=\"course__media-link\" href=\"https:\/\/aienable.eu\/tr\/courses\/ai-lead\/\"><img decoding=\"async\" src=\"https:\/\/aienable.eu\/wp-content\/uploads\/2025\/09\/iAI-lead-mage-740x540.jpg\" alt=\"\" \/><\/a>            <div class=\"course__content--info\"><div class=\"course__top-meta\"><div class=\"course__categories\"><a href=\"https:\/\/aienable.eu\/tr\/course-category\/management\/\" rel=\"tag\">Y\u00f6netim<\/a><\/div><\/div><h3 class=\"course__title\"><a class=\"course__title-link\" href=\"https:\/\/aienable.eu\/tr\/courses\/ai-lead\/\">Yapay Zeka Lideri: Yapay Zeka ile Kapsay\u0131c\u0131l\u0131k ve \u0130novasyona Liderlik Etmek<\/a><\/h3><div class=\"course__excerpt\">Bu e\u011fitim, yapay zekan\u0131n etik ve stratejik kullan\u0131m\u0131 yoluyla kurumsal inovasyonu te\u015fvik etmek isteyen y\u00fcksek\u00f6\u011fretim liderleri ve y\u00f6neticileri i\u00e7in haz\u0131rlanm\u0131\u015ft\u0131r. Kapsay\u0131c\u0131l\u0131\u011f\u0131 nas\u0131l te\u015fvik edece\u011finizi, kurumsal haz\u0131rl\u0131\u011f\u0131 nas\u0131l olu\u015fturaca\u011f\u0131n\u0131z\u0131 ve yapay zeka ara\u00e7lar\u0131ndan nas\u0131l yararlanaca\u011f\u0131n\u0131z\u0131 \u00f6\u011frenin...<\/div><div class=\"course-meta\"><\/div><\/div><div class=\"course__content--meta\"><div class=\"course__meta-left\">            <span class=\"course-lesson\"> \n                <i class=\"flaticon-book-1\"><\/i> \n                4 Ders                            <\/span>\n                    <span class=\"course-topic\"> \n                <i class=\"flaticon-book-1\"><\/i> \n                14 Konu                            <\/span>\n        <\/div><\/div><\/div><\/div><\/article><article class=\"tpc-course course-management\"><div class=\"course__container\"><div class=\"course__media\"><a class=\"course__media-link\" href=\"https:\/\/aienable.eu\/tr\/courses\/ai-lead-2\/\"><img decoding=\"async\" src=\"https:\/\/aienable.eu\/wp-content\/uploads\/2025\/09\/iAI-lead-mage-740x540.jpg\" alt=\"\" \/><\/a>            <div class=\"course__content--info\"><div class=\"course__top-meta\"><div class=\"course__categories\"><a href=\"https:\/\/aienable.eu\/tr\/course-category\/management\/\" rel=\"tag\">Y\u00f6netim<\/a><\/div><\/div><h3 class=\"course__title\"><a class=\"course__title-link\" href=\"https:\/\/aienable.eu\/tr\/courses\/ai-lead-2\/\">AI Lead'in kopyas\u0131: Yapay Zeka ile Kapsay\u0131c\u0131l\u0131k ve \u0130novasyona Liderlik Etmek<\/a><\/h3><div class=\"course__excerpt\">Bu e\u011fitim, yapay zekan\u0131n etik ve stratejik kullan\u0131m\u0131 yoluyla kurumsal inovasyonu te\u015fvik etmek isteyen y\u00fcksek\u00f6\u011fretim liderleri ve y\u00f6neticileri i\u00e7in haz\u0131rlanm\u0131\u015ft\u0131r. Kapsay\u0131c\u0131l\u0131\u011f\u0131 nas\u0131l te\u015fvik edece\u011finizi, kurumsal haz\u0131rl\u0131\u011f\u0131 nas\u0131l olu\u015fturaca\u011f\u0131n\u0131z\u0131 ve yapay zeka ara\u00e7lar\u0131ndan nas\u0131l yararlanaca\u011f\u0131n\u0131z\u0131 \u00f6\u011frenin...<\/div><div class=\"course-meta\"><\/div><\/div><div class=\"course__content--meta\"><div class=\"course__meta-left\">            <span class=\"course-lesson\"> \n                <i class=\"flaticon-book-1\"><\/i> \n                4 Ders                            <\/span>\n                    <span class=\"course-topic\"> \n                <i class=\"flaticon-book-1\"><\/i> \n                14 Konu                            <\/span>\n        <\/div><\/div><\/div><\/div><\/article><\/div><\/section>\t\t\t\t<\/div>\n\t\t\t\t<\/div>\n\t\t\t\t\t<\/div>\n\t\t\t\t<\/div>\n\t\t<div class=\"elementor-element elementor-element-6fb2b29 e-flex e-con-boxed e-con e-parent\" data-id=\"6fb2b29\" data-element_type=\"container\" data-e-type=\"container\">\n\t\t\t\t\t<div class=\"e-con-inner\">\n\t\t\t\t<div class=\"elementor-element elementor-element-3086893 elementor-widget elementor-widget-text-editor\" data-id=\"3086893\" data-element_type=\"widget\" data-e-type=\"widget\" data-widget_type=\"text-editor.default\">\n\t\t\t\t<div class=\"elementor-widget-container\">\n\t\t\t\t\t\t\t\t\t<p><span style=\"text-decoration: underline;\">Not:<\/span><span class=\"s1\"> <\/span>AI-ENABLE kurslar\u0131 \u015fu \u015fekilde tasarlanm\u0131\u015ft\u0131r <span class=\"s1\">a\u00e7\u0131k ve kendi h\u0131z\u0131nda \u00f6\u011frenme kaynaklar\u0131<\/span> - Kay\u0131t olmaya veya giri\u015f yapmaya gerek kalmadan her zaman eri\u015filebilir. Gizlili\u011finize sayg\u0131 duyuyoruz ve web sitesi ziyaretleri hakk\u0131nda genel, anonim istatistikler d\u0131\u015f\u0131nda herhangi bir ki\u015fisel bilgi toplam\u0131yoruz.<\/p>\t\t\t\t\t\t\t\t<\/div>\n\t\t\t\t<\/div>\n\t\t\t\t\t<\/div>\n\t\t\t\t<\/div>\n\t\t\t\t<\/div>","protected":false},"excerpt":{"rendered":"<p>Explore Our Courses AllManagementTeachers Teachers AI Teach: Empowering Inclusive Learning with AI This course is designed for higher education teachers who want to enhance their inclusive teaching practices by integrating artificial intelligence (AI). Whether you\u2019re new to AI or looking to use it more intentionally, this course will&#8230; 5 Lessons 18 Topics Management AI Lead: [&hellip;]<\/p>\n","protected":false},"author":7,"featured_media":0,"parent":0,"menu_order":0,"comment_status":"closed","ping_status":"closed","template":"","meta":{"_acf_changed":false,"footnotes":""},"class_list":["post-26224","page","type-page","status-publish","hentry"],"acf":[],"_links":{"self":[{"href":"https:\/\/aienable.eu\/tr\/wp-json\/wp\/v2\/pages\/26224","targetHints":{"allow":["GET"]}}],"collection":[{"href":"https:\/\/aienable.eu\/tr\/wp-json\/wp\/v2\/pages"}],"about":[{"href":"https:\/\/aienable.eu\/tr\/wp-json\/wp\/v2\/types\/page"}],"author":[{"embeddable":true,"href":"https:\/\/aienable.eu\/tr\/wp-json\/wp\/v2\/users\/7"}],"replies":[{"embeddable":true,"href":"https:\/\/aienable.eu\/tr\/wp-json\/wp\/v2\/comments?post=26224"}],"version-history":[{"count":56,"href":"https:\/\/aienable.eu\/tr\/wp-json\/wp\/v2\/pages\/26224\/revisions"}],"predecessor-version":[{"id":26472,"href":"https:\/\/aienable.eu\/tr\/wp-json\/wp\/v2\/pages\/26224\/revisions\/26472"}],"wp:attachment":[{"href":"https:\/\/aienable.eu\/tr\/wp-json\/wp\/v2\/media?parent=26224"}],"curies":[{"name":"wp","href":"https:\/\/api.w.org\/{rel}","templated":true}]}}