{"id":26224,"date":"2025-09-05T06:43:03","date_gmt":"2025-09-05T06:43:03","guid":{"rendered":"https:\/\/aienable.eu\/?page_id=26224"},"modified":"2025-10-15T20:53:52","modified_gmt":"2025-10-15T20:53:52","slug":"zacnite-se-uciti","status":"publish","type":"page","link":"https:\/\/aienable.eu\/si\/start-learning\/","title":{"rendered":"Start Learning"},"content":{"rendered":"<div data-elementor-type=\"wp-page\" data-elementor-id=\"26224\" class=\"elementor elementor-26224\" data-elementor-post-type=\"page\">\n\t\t\t\t<div class=\"elementor-element elementor-element-a2de0d0 e-flex e-con-boxed e-con e-parent\" data-id=\"a2de0d0\" data-element_type=\"container\" data-e-type=\"container\">\n\t\t\t\t\t<div class=\"e-con-inner\">\n\t\t\t\t<div class=\"elementor-element elementor-element-753539a elementor-headline--style-rotate elementor-widget elementor-widget-animated-headline\" data-id=\"753539a\" data-element_type=\"widget\" data-e-type=\"widget\" data-settings=\"{&quot;headline_style&quot;:&quot;rotate&quot;,&quot;animation_type&quot;:&quot;slide-down&quot;,&quot;rotating_text&quot;:&quot;Courses&quot;,&quot;loop&quot;:&quot;yes&quot;,&quot;rotate_iteration_delay&quot;:2500}\" data-widget_type=\"animated-headline.default\">\n\t\t\t\t<div class=\"elementor-widget-container\">\n\t\t\t\t\t\t\t<h3 class=\"elementor-headline elementor-headline-animation-type-slide-down\">\n\t\t\t\t\t<span class=\"elementor-headline-plain-text elementor-headline-text-wrapper\">Razi\u0161\u010dite na\u0161e<\/span>\n\t\t\t\t<span class=\"elementor-headline-dynamic-wrapper elementor-headline-text-wrapper\">\n\t\t\t\t\t<span class=\"elementor-headline-dynamic-text elementor-headline-text-active\">\n\t\t\t\tte\u010daje\t\t\t<\/span>\n\t\t\t\t\t\t<\/span>\n\t\t\t\t<\/h3>\n\t\t\t\t\t\t<\/div>\n\t\t\t\t<\/div>\n\t\t\t\t\t<\/div>\n\t\t\t\t<\/div>\n\t\t<div class=\"elementor-element elementor-element-adb21c6 e-flex e-con-boxed e-con e-parent\" data-id=\"adb21c6\" data-element_type=\"container\" data-e-type=\"container\">\n\t\t\t\t\t<div class=\"e-con-inner\">\n\t\t\t\t<div class=\"elementor-element elementor-element-bb72938 elementor-widget elementor-widget-tpc-ld-courses\" data-id=\"bb72938\" data-element_type=\"widget\" data-e-type=\"widget\" data-widget_type=\"tpc-ld-courses.default\">\n\t\t\t\t<div class=\"elementor-widget-container\">\n\t\t\t\t\t<section class=\"tpc-courses\"><div class=\"course__filter isotope-filter acenter\"><a href=\"#\" data-filter=\".tpc-course\" class=\"active\">All<span class=\"number_filter\"><\/span><\/a><a href=\"https:\/\/aienable.eu\/si\/course-category\/management\/\" data-filter=\".course-management\">Vodstvo<span class=\"number_filter\"><\/span><\/a><a href=\"https:\/\/aienable.eu\/si\/course-category\/teachers\/\" data-filter=\".course-teachers\">U\u010ditelji<span class=\"number_filter\"><\/span><\/a><\/div><div class=\"tpc-courses__grid grid-col--2 isotope\"><article class=\"tpc-course course-teachers\"><div class=\"course__container\"><div class=\"course__media\"><a class=\"course__media-link\" href=\"https:\/\/aienable.eu\/si\/courses\/ai-teach\/\"><img decoding=\"async\" src=\"https:\/\/aienable.eu\/wp-content\/uploads\/2025\/08\/AI-teach-image-740x540.jpg\" alt=\"\" \/><\/a>            <div class=\"course__content--info\"><div class=\"course__top-meta\"><div class=\"course__categories\"><a href=\"https:\/\/aienable.eu\/si\/course-category\/teachers\/\" rel=\"tag\">U\u010ditelji<\/a><\/div><\/div><h3 class=\"course__title\"><a class=\"course__title-link\" href=\"https:\/\/aienable.eu\/si\/courses\/ai-teach\/\">AI Teach: Krepitev vklju\u010dujo\u010dega pou\u010devanja z umetno inteligenco<\/a><\/h3><div class=\"course__excerpt\">Ta te\u010daj je namenjen visoko\u0161olskim u\u010diteljem, ki \u017eelijo izbolj\u0161ati svoje inkluzivne pedago\u0161ke prakse z uporabo umetne inteligence. Ne glede na to, ali se z umetno inteligenco \u0161ele seznanjate ali jo \u017eelite uporabljati bolj na\u010drtno, vam bo ta te\u010daj...<\/div><div class=\"course-meta\"><\/div><\/div><div class=\"course__content--meta\"><div class=\"course__meta-left\">            <span class=\"course-lesson\"> \n                <i class=\"flaticon-book-1\"><\/i> \n                5 lekcij                            <\/span>\n                    <span class=\"course-topic\"> \n                <i class=\"flaticon-book-1\"><\/i> \n                18 tem                            <\/span>\n        <\/div><\/div><\/div><\/div><\/article><article class=\"tpc-course course-management\"><div class=\"course__container\"><div class=\"course__media\"><a class=\"course__media-link\" href=\"https:\/\/aienable.eu\/si\/courses\/ai-lead\/\"><img decoding=\"async\" src=\"https:\/\/aienable.eu\/wp-content\/uploads\/2025\/09\/iAI-lead-mage-740x540.jpg\" alt=\"\" \/><\/a>            <div class=\"course__content--info\"><div class=\"course__top-meta\"><div class=\"course__categories\"><a href=\"https:\/\/aienable.eu\/si\/course-category\/management\/\" rel=\"tag\">Vodstvo<\/a><\/div><\/div><h3 class=\"course__title\"><a class=\"course__title-link\" href=\"https:\/\/aienable.eu\/si\/courses\/ai-lead\/\">AI Lead: Vodenje vklju\u010devanja in inovacij z umetno inteligenco<\/a><\/h3><div class=\"course__excerpt\">Ta te\u010daj je prilagojen vodjem in mened\u017eerjem v visokem \u0161olstvu, ki \u017eelijo spodbuditi institucionalne inovacije z eti\u010dno in strate\u0161ko uporabo umetne inteligence. Nau\u010dite se, kako spodbujati vklju\u010devanje, graditi organizacijsko pripravljenost in uporabljati orodja umetne inteligence...<\/div><div class=\"course-meta\"><\/div><\/div><div class=\"course__content--meta\"><div class=\"course__meta-left\">            <span class=\"course-lesson\"> \n                <i class=\"flaticon-book-1\"><\/i> \n                4 lekcije                            <\/span>\n                    <span class=\"course-topic\"> \n                <i class=\"flaticon-book-1\"><\/i> \n                14 tem                            <\/span>\n        <\/div><\/div><\/div><\/div><\/article><article class=\"tpc-course course-management\"><div class=\"course__container\"><div class=\"course__media\"><a class=\"course__media-link\" href=\"https:\/\/aienable.eu\/si\/courses\/ai-lead-2\/\"><img decoding=\"async\" src=\"https:\/\/aienable.eu\/wp-content\/uploads\/2025\/09\/iAI-lead-mage-740x540.jpg\" alt=\"\" \/><\/a>            <div class=\"course__content--info\"><div class=\"course__top-meta\"><div class=\"course__categories\"><a href=\"https:\/\/aienable.eu\/si\/course-category\/management\/\" rel=\"tag\">Vodstvo<\/a><\/div><\/div><h3 class=\"course__title\"><a class=\"course__title-link\" href=\"https:\/\/aienable.eu\/si\/courses\/ai-lead-2\/\">Kopija AI Lead: Vodenje vklju\u010devanja in inovacij z umetno inteligenco<\/a><\/h3><div class=\"course__excerpt\">Ta te\u010daj je prilagojen vodjem in mened\u017eerjem v visokem \u0161olstvu, ki \u017eelijo spodbuditi institucionalne inovacije z eti\u010dno in strate\u0161ko uporabo umetne inteligence. Nau\u010dite se, kako spodbujati vklju\u010devanje, graditi organizacijsko pripravljenost in uporabljati orodja umetne inteligence...<\/div><div class=\"course-meta\"><\/div><\/div><div class=\"course__content--meta\"><div class=\"course__meta-left\">            <span class=\"course-lesson\"> \n                <i class=\"flaticon-book-1\"><\/i> \n                4 lekcije                            <\/span>\n                    <span class=\"course-topic\"> \n                <i class=\"flaticon-book-1\"><\/i> \n                14 tem                            <\/span>\n        <\/div><\/div><\/div><\/div><\/article><\/div><\/section>\t\t\t\t<\/div>\n\t\t\t\t<\/div>\n\t\t\t\t\t<\/div>\n\t\t\t\t<\/div>\n\t\t<div class=\"elementor-element elementor-element-6fb2b29 e-flex e-con-boxed e-con e-parent\" data-id=\"6fb2b29\" data-element_type=\"container\" data-e-type=\"container\">\n\t\t\t\t\t<div class=\"e-con-inner\">\n\t\t\t\t<div class=\"elementor-element elementor-element-3086893 elementor-widget elementor-widget-text-editor\" data-id=\"3086893\" data-element_type=\"widget\" data-e-type=\"widget\" data-widget_type=\"text-editor.default\">\n\t\t\t\t<div class=\"elementor-widget-container\">\n\t\t\t\t\t\t\t\t\t<p><span style=\"text-decoration: underline;\">Opomba:<\/span><span class=\"s1\"> <\/span>Te\u010daji AI-ENABLE so zasnovani kot <span class=\"s1\">odprti in samostojni u\u010dni viri<\/span> - na voljo kadar koli, brez potrebe po registraciji ali prijavi. Spo\u0161tujemo va\u0161o zasebnost in ne zbiramo nobenih osebnih podatkov, razen splo\u0161nih anonimnih statisti\u010dnih podatkov o obiskih spletnega mesta.<\/p>\t\t\t\t\t\t\t\t<\/div>\n\t\t\t\t<\/div>\n\t\t\t\t\t<\/div>\n\t\t\t\t<\/div>\n\t\t\t\t<\/div>","protected":false},"excerpt":{"rendered":"<p>Explore Our Courses AllManagementTeachers Teachers AI Teach: Empowering Inclusive Learning with AI This course is designed for higher education teachers who want to enhance their inclusive teaching practices by integrating artificial intelligence (AI). Whether you\u2019re new to AI or looking to use it more intentionally, this course will&#8230; 5 Lessons 18 Topics Management AI Lead: [&hellip;]<\/p>\n","protected":false},"author":7,"featured_media":0,"parent":0,"menu_order":0,"comment_status":"closed","ping_status":"closed","template":"","meta":{"_acf_changed":false,"footnotes":""},"class_list":["post-26224","page","type-page","status-publish","hentry"],"acf":[],"_links":{"self":[{"href":"https:\/\/aienable.eu\/si\/wp-json\/wp\/v2\/pages\/26224","targetHints":{"allow":["GET"]}}],"collection":[{"href":"https:\/\/aienable.eu\/si\/wp-json\/wp\/v2\/pages"}],"about":[{"href":"https:\/\/aienable.eu\/si\/wp-json\/wp\/v2\/types\/page"}],"author":[{"embeddable":true,"href":"https:\/\/aienable.eu\/si\/wp-json\/wp\/v2\/users\/7"}],"replies":[{"embeddable":true,"href":"https:\/\/aienable.eu\/si\/wp-json\/wp\/v2\/comments?post=26224"}],"version-history":[{"count":56,"href":"https:\/\/aienable.eu\/si\/wp-json\/wp\/v2\/pages\/26224\/revisions"}],"predecessor-version":[{"id":26472,"href":"https:\/\/aienable.eu\/si\/wp-json\/wp\/v2\/pages\/26224\/revisions\/26472"}],"wp:attachment":[{"href":"https:\/\/aienable.eu\/si\/wp-json\/wp\/v2\/media?parent=26224"}],"curies":[{"name":"wp","href":"https:\/\/api.w.org\/{rel}","templated":true}]}}