{"id":25141,"date":"2023-11-28T20:15:34","date_gmt":"2023-11-28T20:15:34","guid":{"rendered":"https:\/\/aienable.eu\/?page_id=25141"},"modified":"2025-10-16T10:41:44","modified_gmt":"2025-10-16T10:41:44","slug":"rezultati","status":"publish","type":"page","link":"https:\/\/aienable.eu\/si\/results\/","title":{"rendered":"Rezultati"},"content":{"rendered":"<div data-elementor-type=\"wp-page\" data-elementor-id=\"25141\" class=\"elementor elementor-25141\" data-elementor-post-type=\"page\">\n\t\t\t\t\t\t<section class=\"elementor-section elementor-top-section elementor-element elementor-element-1c6a8285 elementor-section-boxed elementor-section-height-default elementor-section-height-default\" data-id=\"1c6a8285\" data-element_type=\"section\" data-e-type=\"section\" data-settings=\"{&quot;background_background&quot;:&quot;classic&quot;}\">\n\t\t\t\t\t\t\t<div class=\"elementor-background-overlay\"><\/div>\n\t\t\t\t\t\t\t<div class=\"elementor-container elementor-column-gap-no\">\n\t\t\t\t\t<div class=\"elementor-column elementor-col-50 elementor-top-column elementor-element elementor-element-580e34a6\" data-id=\"580e34a6\" data-element_type=\"column\" data-e-type=\"column\">\n\t\t\t<div class=\"elementor-widget-wrap elementor-element-populated\">\n\t\t\t\t<div class=\"elementor-element elementor-element-4cb6fba8 e-con-full e-flex e-con e-parent\" data-id=\"4cb6fba8\" data-element_type=\"container\" data-e-type=\"container\">\n\t\t\t\t<div class=\"elementor-element elementor-element-3696b331 elementor-view-default elementor-widget elementor-widget-icon\" data-id=\"3696b331\" data-element_type=\"widget\" data-e-type=\"widget\" data-widget_type=\"icon.default\">\n\t\t\t\t<div class=\"elementor-widget-container\">\n\t\t\t\t\t\t\t<div class=\"elementor-icon-wrapper\">\n\t\t\t<div class=\"elementor-icon\">\n\t\t\t<svg aria-hidden=\"true\" class=\"e-font-icon-svg e-fas-circle\" viewbox=\"0 0 512 512\" xmlns=\"http:\/\/www.w3.org\/2000\/svg\"><path d=\"M256 8C119 8 8 119 8 256s111 248 248 248 248-111 248-248S393 8 256 8z\"><\/path><\/svg>\t\t\t<\/div>\n\t\t<\/div>\n\t\t\t\t\t\t<\/div>\n\t\t\t\t<\/div>\n\t\t\t\t<div class=\"elementor-element elementor-element-56a2f9ef elementor-widget elementor-widget-heading\" data-id=\"56a2f9ef\" data-element_type=\"widget\" data-e-type=\"widget\" data-widget_type=\"heading.default\">\n\t\t\t\t<div class=\"elementor-widget-container\">\n\t\t\t\t\t<p class=\"elementor-heading-title elementor-size-small\">AI-ENABLE\n<\/p>\t\t\t\t<\/div>\n\t\t\t\t<\/div>\n\t\t\t\t<\/div>\n\t\t\t\t<div class=\"elementor-element elementor-element-52c2ed9e elementor-widget__width-initial elementor-widget-tablet__width-initial elementor-widget elementor-widget-heading\" data-id=\"52c2ed9e\" data-element_type=\"widget\" data-e-type=\"widget\" data-widget_type=\"heading.default\">\n\t\t\t\t<div class=\"elementor-widget-container\">\n\t\t\t\t\t<h1 class=\"elementor-heading-title elementor-size-default\">Rezultati projekta\n<\/h1>\t\t\t\t<\/div>\n\t\t\t\t<\/div>\n\t\t\t\t<div class=\"elementor-element elementor-element-88fe3ed elementor-widget__width-initial elementor-widget-tablet__width-initial elementor-widget-mobile__width-initial elementor-widget elementor-widget-text-editor\" data-id=\"88fe3ed\" data-element_type=\"widget\" data-e-type=\"widget\" data-widget_type=\"text-editor.default\">\n\t\t\t\t<div class=\"elementor-widget-container\">\n\t\t\t\t\t\t\t\t\t<p><span style=\"font-weight: 400;\">V \u010dasu izvajanja projekta AI-ENABLE bo nastalo ve\u010d projektnih rezultatov. Vsi projektni rezultati bodo po zaklju\u010dku projekta prosto dostopni za prenos na tej strani.<\/span><\/p><p class=\"p1\">Nekateri projektni rezultati so \u017ee na voljo v nadaljevanju.<\/p>\t\t\t\t\t\t\t\t<\/div>\n\t\t\t\t<\/div>\n\t\t\t\t\t<\/div>\n\t\t<\/div>\n\t\t\t\t<div class=\"elementor-column elementor-col-50 elementor-top-column elementor-element elementor-element-1ddebb25\" data-id=\"1ddebb25\" data-element_type=\"column\" data-e-type=\"column\" data-settings=\"{&quot;background_background&quot;:&quot;classic&quot;}\">\n\t\t\t<div class=\"elementor-widget-wrap elementor-element-populated\">\n\t\t\t\t\t\t<div class=\"elementor-element elementor-element-3fc5d440 elementor-widget__width-initial elementor-widget-tablet__width-initial elementor-widget-mobile__width-initial elementor-widget elementor-widget-image\" data-id=\"3fc5d440\" data-element_type=\"widget\" data-e-type=\"widget\" data-widget_type=\"image.default\">\n\t\t\t\t<div class=\"elementor-widget-container\">\n\t\t\t\t\t\t\t\t\t\t\t\t\t\t\t<img fetchpriority=\"high\" decoding=\"async\" width=\"2048\" height=\"1290\" src=\"https:\/\/aienable.eu\/wp-content\/uploads\/2024\/02\/Tiny-cartoon-teacher-teaching-different-disciplines-at-school-2048x1290.png\" class=\"attachment-2048x2048 size-2048x2048 wp-image-25891\" alt=\"\" srcset=\"https:\/\/aienable.eu\/wp-content\/uploads\/2024\/02\/Tiny-cartoon-teacher-teaching-different-disciplines-at-school-2048x1290.png 2048w, https:\/\/aienable.eu\/wp-content\/uploads\/2024\/02\/Tiny-cartoon-teacher-teaching-different-disciplines-at-school-300x189.png 300w, https:\/\/aienable.eu\/wp-content\/uploads\/2024\/02\/Tiny-cartoon-teacher-teaching-different-disciplines-at-school-1024x645.png 1024w, https:\/\/aienable.eu\/wp-content\/uploads\/2024\/02\/Tiny-cartoon-teacher-teaching-different-disciplines-at-school-768x484.png 768w, https:\/\/aienable.eu\/wp-content\/uploads\/2024\/02\/Tiny-cartoon-teacher-teaching-different-disciplines-at-school-1536x967.png 1536w\" sizes=\"(max-width: 2048px) 100vw, 2048px\" \/>\t\t\t\t\t\t\t\t\t\t\t\t\t\t\t<\/div>\n\t\t\t\t<\/div>\n\t\t\t\t\t<\/div>\n\t\t<\/div>\n\t\t\t\t\t<\/div>\n\t\t<\/section>\n\t\t<div class=\"elementor-element elementor-element-432ab4f e-flex e-con-boxed e-con e-parent\" data-id=\"432ab4f\" data-element_type=\"container\" data-e-type=\"container\">\n\t\t\t\t\t<div class=\"e-con-inner\">\n\t\t\t\t<div class=\"elementor-element elementor-element-cbf28c7 elementor-widget elementor-widget-text-editor\" data-id=\"cbf28c7\" data-element_type=\"widget\" data-e-type=\"widget\" data-widget_type=\"text-editor.default\">\n\t\t\t\t<div class=\"elementor-widget-container\">\n\t\t\t\t\t\t\t\t\t<p><a href=\"https:\/\/drive.google.com\/file\/d\/13H0HNM2UUWoKtCApth3sqMZkDwo_t8uK\/view?usp=sharing\">AI-ENABLE Najsodobnej\u0161a analiza tehnologij in orodij umetne inteligence za izobra\u017eevanje<\/a><\/p><p><a href=\"https:\/\/drive.google.com\/file\/d\/1PeV8quYQxs11JEPU-6Z6vgFLoZBoVUA8\/view?usp=sharing\">Okvir AI-ENABLE za vklju\u010devanje umetne inteligence v inkluzivno izobra\u017eevanje<\/a><\/p><p><a href=\"https:\/\/drive.google.com\/file\/d\/1nqpbAyxAxVF_jcvHkTMCdx4oLiuK2EeU\/view?usp=sharing\"><span style=\"font-family: Roboto; font-size: 18px; font-style: normal; font-weight: 600;\">AI-ENABLE\u00a0<\/span><span style=\"font-family: Roboto; font-size: 18px; font-style: normal; font-weight: 600;\">Smernice za vklju\u010devanje umetne inteligence v inkluzivno izobra\u017eevanje<\/span><\/a><\/p><p><a href=\"https:\/\/drive.google.com\/file\/d\/12LjOWyjIM1fT9Wt4I6HvQBG_kgH9PWwA\/view?usp=sharing\"><span style=\"font-family: Roboto; font-size: 18px; font-style: normal; font-weight: 600;\">AI-ENABLE\u00a0<\/span>Zbirka dobrih praks<\/a><\/p><p><a href=\"https:\/\/drive.google.com\/file\/d\/1IkJumwfX6jr92Dkla44BvIi9MCCEGP9r\/view?usp=sharing\"><span style=\"font-family: Roboto; font-size: 18px; font-style: normal; font-weight: 600;\">AI-ENABLE\u00a0<\/span>Potrjene dobre prakse<\/a><\/p><p><a href=\"https:\/\/drive.google.com\/file\/d\/1gNvnFrX5TdTKub0D4c2-OvZuBHLevhe3\/view?usp=sharing\">Referen\u010dni seznam orodij za umetno inteligenco AI-ENABLE<\/a><\/p><p><a href=\"https:\/\/drive.google.com\/file\/d\/1AYsO-EVk8T4PIjFYCxN0bSUxdk5G_hu4\/view?usp=drive_link\">AI-ENABLE Novi\u010dnik \u0161t. 1<\/a><\/p><p><a href=\"https:\/\/drive.google.com\/file\/d\/1LySEDoluSbu6XWLVo3N5NAGwrVWCpC0a\/view?usp=drive_link\">AI-ENABLE Novi\u010dnik \u0161t. 2<\/a><\/p>\t\t\t\t\t\t\t\t<\/div>\n\t\t\t\t<\/div>\n\t\t\t\t\t<\/div>\n\t\t\t\t<\/div>\n\t\t\t\t<\/div>","protected":false},"excerpt":{"rendered":"<p>AI-ENABLE Project results Various project results are expected during the implementation of the AI-ENABLE project. All project results will be freely available for download on this page as soon as they will be developed. Some results are already available below. AI-ENABLE State of the art analysis of AI technologies and tools for education AI-ENABLE Framework [&hellip;]<\/p>\n","protected":false},"author":2,"featured_media":0,"parent":0,"menu_order":0,"comment_status":"closed","ping_status":"closed","template":"","meta":{"_acf_changed":false,"footnotes":""},"class_list":["post-25141","page","type-page","status-publish","hentry"],"acf":[],"_links":{"self":[{"href":"https:\/\/aienable.eu\/si\/wp-json\/wp\/v2\/pages\/25141","targetHints":{"allow":["GET"]}}],"collection":[{"href":"https:\/\/aienable.eu\/si\/wp-json\/wp\/v2\/pages"}],"about":[{"href":"https:\/\/aienable.eu\/si\/wp-json\/wp\/v2\/types\/page"}],"author":[{"embeddable":true,"href":"https:\/\/aienable.eu\/si\/wp-json\/wp\/v2\/users\/2"}],"replies":[{"embeddable":true,"href":"https:\/\/aienable.eu\/si\/wp-json\/wp\/v2\/comments?post=25141"}],"version-history":[{"count":31,"href":"https:\/\/aienable.eu\/si\/wp-json\/wp\/v2\/pages\/25141\/revisions"}],"predecessor-version":[{"id":26545,"href":"https:\/\/aienable.eu\/si\/wp-json\/wp\/v2\/pages\/25141\/revisions\/26545"}],"wp:attachment":[{"href":"https:\/\/aienable.eu\/si\/wp-json\/wp\/v2\/media?parent=25141"}],"curies":[{"name":"wp","href":"https:\/\/api.w.org\/{rel}","templated":true}]}}