{"id":26224,"date":"2025-09-05T06:43:03","date_gmt":"2025-09-05T06:43:03","guid":{"rendered":"https:\/\/aienable.eu\/?page_id=26224"},"modified":"2025-10-15T20:53:52","modified_gmt":"2025-10-15T20:53:52","slug":"comecar-a-aprender","status":"publish","type":"page","link":"https:\/\/aienable.eu\/pt\/start-learning\/","title":{"rendered":"Start Learning"},"content":{"rendered":"<div data-elementor-type=\"wp-page\" data-elementor-id=\"26224\" class=\"elementor elementor-26224\" data-elementor-post-type=\"page\">\n\t\t\t\t<div class=\"elementor-element elementor-element-a2de0d0 e-flex e-con-boxed e-con e-parent\" data-id=\"a2de0d0\" data-element_type=\"container\" data-e-type=\"container\">\n\t\t\t\t\t<div class=\"e-con-inner\">\n\t\t\t\t<div class=\"elementor-element elementor-element-753539a elementor-headline--style-rotate elementor-widget elementor-widget-animated-headline\" data-id=\"753539a\" data-element_type=\"widget\" data-e-type=\"widget\" data-settings=\"{&quot;headline_style&quot;:&quot;rotate&quot;,&quot;animation_type&quot;:&quot;slide-down&quot;,&quot;rotating_text&quot;:&quot;Courses&quot;,&quot;loop&quot;:&quot;yes&quot;,&quot;rotate_iteration_delay&quot;:2500}\" data-widget_type=\"animated-headline.default\">\n\t\t\t\t<div class=\"elementor-widget-container\">\n\t\t\t\t\t\t\t<h3 class=\"elementor-headline elementor-headline-animation-type-slide-down\">\n\t\t\t\t\t<span class=\"elementor-headline-plain-text elementor-headline-text-wrapper\">Explorar a nossa<\/span>\n\t\t\t\t<span class=\"elementor-headline-dynamic-wrapper elementor-headline-text-wrapper\">\n\t\t\t\t\t<span class=\"elementor-headline-dynamic-text elementor-headline-text-active\">\n\t\t\t\tCursos\t\t\t<\/span>\n\t\t\t\t\t\t<\/span>\n\t\t\t\t<\/h3>\n\t\t\t\t\t\t<\/div>\n\t\t\t\t<\/div>\n\t\t\t\t\t<\/div>\n\t\t\t\t<\/div>\n\t\t<div class=\"elementor-element elementor-element-adb21c6 e-flex e-con-boxed e-con e-parent\" data-id=\"adb21c6\" data-element_type=\"container\" data-e-type=\"container\">\n\t\t\t\t\t<div class=\"e-con-inner\">\n\t\t\t\t<div class=\"elementor-element elementor-element-bb72938 elementor-widget elementor-widget-tpc-ld-courses\" data-id=\"bb72938\" data-element_type=\"widget\" data-e-type=\"widget\" data-widget_type=\"tpc-ld-courses.default\">\n\t\t\t\t<div class=\"elementor-widget-container\">\n\t\t\t\t\t<section class=\"tpc-courses\"><div class=\"course__filter isotope-filter acenter\"><a href=\"#\" data-filter=\".tpc-course\" class=\"active\">All<span class=\"number_filter\"><\/span><\/a><a href=\"https:\/\/aienable.eu\/pt\/course-category\/management\/\" data-filter=\".course-management\">Gest\u00e3o<span class=\"number_filter\"><\/span><\/a><a href=\"https:\/\/aienable.eu\/pt\/course-category\/teachers\/\" data-filter=\".course-teachers\">Professores<span class=\"number_filter\"><\/span><\/a><\/div><div class=\"tpc-courses__grid grid-col--2 isotope\"><article class=\"tpc-course course-teachers\"><div class=\"course__container\"><div class=\"course__media\"><a class=\"course__media-link\" href=\"https:\/\/aienable.eu\/pt\/courses\/ai-teach\/\"><img decoding=\"async\" src=\"https:\/\/aienable.eu\/wp-content\/uploads\/2025\/08\/AI-teach-image-740x540.jpg\" alt=\"\" \/><\/a>            <div class=\"course__content--info\"><div class=\"course__top-meta\"><div class=\"course__categories\"><a href=\"https:\/\/aienable.eu\/pt\/course-category\/teachers\/\" rel=\"tag\">Professores<\/a><\/div><\/div><h3 class=\"course__title\"><a class=\"course__title-link\" href=\"https:\/\/aienable.eu\/pt\/courses\/ai-teach\/\">AI Teach: Capacitar a aprendizagem inclusiva com IA<\/a><\/h3><div class=\"course__excerpt\">Este curso foi concebido para professores do ensino superior que pretendam melhorar as suas pr\u00e1ticas de ensino inclusivo atrav\u00e9s da integra\u00e7\u00e3o da intelig\u00eancia artificial (IA). Quer seja novo no dom\u00ednio da IA ou pretenda utiliz\u00e1-la de forma mais intencional, este curso ir\u00e1...<\/div><div class=\"course-meta\"><\/div><\/div><div class=\"course__content--meta\"><div class=\"course__meta-left\">            <span class=\"course-lesson\"> \n                <i class=\"flaticon-book-1\"><\/i> \n                5 li\u00e7\u00f5es                            <\/span>\n                    <span class=\"course-topic\"> \n                <i class=\"flaticon-book-1\"><\/i> \n                18 T\u00f3picos                            <\/span>\n        <\/div><\/div><\/div><\/div><\/article><article class=\"tpc-course course-management\"><div class=\"course__container\"><div class=\"course__media\"><a class=\"course__media-link\" href=\"https:\/\/aienable.eu\/pt\/courses\/ai-lead\/\"><img decoding=\"async\" src=\"https:\/\/aienable.eu\/wp-content\/uploads\/2025\/09\/iAI-lead-mage-740x540.jpg\" alt=\"\" \/><\/a>            <div class=\"course__content--info\"><div class=\"course__top-meta\"><div class=\"course__categories\"><a href=\"https:\/\/aienable.eu\/pt\/course-category\/management\/\" rel=\"tag\">Gest\u00e3o<\/a><\/div><\/div><h3 class=\"course__title\"><a class=\"course__title-link\" href=\"https:\/\/aienable.eu\/pt\/courses\/ai-lead\/\">L\u00edder de IA: Liderar a inclus\u00e3o e a inova\u00e7\u00e3o com a IA<\/a><\/h3><div class=\"course__excerpt\">Este curso foi concebido para l\u00edderes e gestores do ensino superior que procuram impulsionar a inova\u00e7\u00e3o institucional atrav\u00e9s da utiliza\u00e7\u00e3o \u00e9tica e estrat\u00e9gica da IA. Saiba como promover a inclus\u00e3o, criar prontid\u00e3o organizacional e aproveitar as ferramentas de IA...<\/div><div class=\"course-meta\"><\/div><\/div><div class=\"course__content--meta\"><div class=\"course__meta-left\">            <span class=\"course-lesson\"> \n                <i class=\"flaticon-book-1\"><\/i> \n                4 Aulas                            <\/span>\n                    <span class=\"course-topic\"> \n                <i class=\"flaticon-book-1\"><\/i> \n                14 T\u00f3picos                            <\/span>\n        <\/div><\/div><\/div><\/div><\/article><article class=\"tpc-course course-management\"><div class=\"course__container\"><div class=\"course__media\"><a class=\"course__media-link\" href=\"https:\/\/aienable.eu\/pt\/courses\/ai-lead-2\/\"><img decoding=\"async\" src=\"https:\/\/aienable.eu\/wp-content\/uploads\/2025\/09\/iAI-lead-mage-740x540.jpg\" alt=\"\" \/><\/a>            <div class=\"course__content--info\"><div class=\"course__top-meta\"><div class=\"course__categories\"><a href=\"https:\/\/aienable.eu\/pt\/course-category\/management\/\" rel=\"tag\">Gest\u00e3o<\/a><\/div><\/div><h3 class=\"course__title\"><a class=\"course__title-link\" href=\"https:\/\/aienable.eu\/pt\/courses\/ai-lead-2\/\">C\u00f3pia de AI Lead: Liderar a inclus\u00e3o e a inova\u00e7\u00e3o com a IA<\/a><\/h3><div class=\"course__excerpt\">Este curso foi concebido para l\u00edderes e gestores do ensino superior que procuram impulsionar a inova\u00e7\u00e3o institucional atrav\u00e9s da utiliza\u00e7\u00e3o \u00e9tica e estrat\u00e9gica da IA. Saiba como promover a inclus\u00e3o, criar prontid\u00e3o organizacional e aproveitar as ferramentas de IA...<\/div><div class=\"course-meta\"><\/div><\/div><div class=\"course__content--meta\"><div class=\"course__meta-left\">            <span class=\"course-lesson\"> \n                <i class=\"flaticon-book-1\"><\/i> \n                4 Aulas                            <\/span>\n                    <span class=\"course-topic\"> \n                <i class=\"flaticon-book-1\"><\/i> \n                14 T\u00f3picos                            <\/span>\n        <\/div><\/div><\/div><\/div><\/article><\/div><\/section>\t\t\t\t<\/div>\n\t\t\t\t<\/div>\n\t\t\t\t\t<\/div>\n\t\t\t\t<\/div>\n\t\t<div class=\"elementor-element elementor-element-6fb2b29 e-flex e-con-boxed e-con e-parent\" data-id=\"6fb2b29\" data-element_type=\"container\" data-e-type=\"container\">\n\t\t\t\t\t<div class=\"e-con-inner\">\n\t\t\t\t<div class=\"elementor-element elementor-element-3086893 elementor-widget elementor-widget-text-editor\" data-id=\"3086893\" data-element_type=\"widget\" data-e-type=\"widget\" data-widget_type=\"text-editor.default\">\n\t\t\t\t<div class=\"elementor-widget-container\">\n\t\t\t\t\t\t\t\t\t<p><span style=\"text-decoration: underline;\">Nota:<\/span><span class=\"s1\"> <\/span>Os cursos AI-ENABLE s\u00e3o concebidos como <span class=\"s1\">recursos de aprendizagem abertos e de ritmo pr\u00f3prio<\/span> - acess\u00edvel a qualquer momento, sem necessidade de se registar ou de iniciar sess\u00e3o. Respeitamos a sua privacidade e n\u00e3o recolhemos quaisquer informa\u00e7\u00f5es pessoais, para al\u00e9m de estat\u00edsticas gerais e an\u00f3nimas sobre as visitas ao s\u00edtio Web.<\/p>\t\t\t\t\t\t\t\t<\/div>\n\t\t\t\t<\/div>\n\t\t\t\t\t<\/div>\n\t\t\t\t<\/div>\n\t\t\t\t<\/div>","protected":false},"excerpt":{"rendered":"<p>Explore Our Courses AllManagementTeachers Teachers AI Teach: Empowering Inclusive Learning with AI This course is designed for higher education teachers who want to enhance their inclusive teaching practices by integrating artificial intelligence (AI). Whether you\u2019re new to AI or looking to use it more intentionally, this course will&#8230; 5 Lessons 18 Topics Management AI Lead: [&hellip;]<\/p>\n","protected":false},"author":7,"featured_media":0,"parent":0,"menu_order":0,"comment_status":"closed","ping_status":"closed","template":"","meta":{"_acf_changed":false,"footnotes":""},"class_list":["post-26224","page","type-page","status-publish","hentry"],"acf":[],"_links":{"self":[{"href":"https:\/\/aienable.eu\/pt\/wp-json\/wp\/v2\/pages\/26224","targetHints":{"allow":["GET"]}}],"collection":[{"href":"https:\/\/aienable.eu\/pt\/wp-json\/wp\/v2\/pages"}],"about":[{"href":"https:\/\/aienable.eu\/pt\/wp-json\/wp\/v2\/types\/page"}],"author":[{"embeddable":true,"href":"https:\/\/aienable.eu\/pt\/wp-json\/wp\/v2\/users\/7"}],"replies":[{"embeddable":true,"href":"https:\/\/aienable.eu\/pt\/wp-json\/wp\/v2\/comments?post=26224"}],"version-history":[{"count":56,"href":"https:\/\/aienable.eu\/pt\/wp-json\/wp\/v2\/pages\/26224\/revisions"}],"predecessor-version":[{"id":26472,"href":"https:\/\/aienable.eu\/pt\/wp-json\/wp\/v2\/pages\/26224\/revisions\/26472"}],"wp:attachment":[{"href":"https:\/\/aienable.eu\/pt\/wp-json\/wp\/v2\/media?parent=26224"}],"curies":[{"name":"wp","href":"https:\/\/api.w.org\/{rel}","templated":true}]}}