{"id":26224,"date":"2025-09-05T06:43:03","date_gmt":"2025-09-05T06:43:03","guid":{"rendered":"https:\/\/aienable.eu\/?page_id=26224"},"modified":"2025-10-15T20:53:52","modified_gmt":"2025-10-15T20:53:52","slug":"empezar-a-aprender","status":"publish","type":"page","link":"https:\/\/aienable.eu\/es\/start-learning\/","title":{"rendered":"Start Learning"},"content":{"rendered":"<div data-elementor-type=\"wp-page\" data-elementor-id=\"26224\" class=\"elementor elementor-26224\" data-elementor-post-type=\"page\">\n\t\t\t\t<div class=\"elementor-element elementor-element-a2de0d0 e-flex e-con-boxed e-con e-parent\" data-id=\"a2de0d0\" data-element_type=\"container\" data-e-type=\"container\">\n\t\t\t\t\t<div class=\"e-con-inner\">\n\t\t\t\t<div class=\"elementor-element elementor-element-753539a elementor-headline--style-rotate elementor-widget elementor-widget-animated-headline\" data-id=\"753539a\" data-element_type=\"widget\" data-e-type=\"widget\" data-settings=\"{&quot;headline_style&quot;:&quot;rotate&quot;,&quot;animation_type&quot;:&quot;slide-down&quot;,&quot;rotating_text&quot;:&quot;Courses&quot;,&quot;loop&quot;:&quot;yes&quot;,&quot;rotate_iteration_delay&quot;:2500}\" data-widget_type=\"animated-headline.default\">\n\t\t\t\t<div class=\"elementor-widget-container\">\n\t\t\t\t\t\t\t<h3 class=\"elementor-headline elementor-headline-animation-type-slide-down\">\n\t\t\t\t\t<span class=\"elementor-headline-plain-text elementor-headline-text-wrapper\">Explora nuestra<\/span>\n\t\t\t\t<span class=\"elementor-headline-dynamic-wrapper elementor-headline-text-wrapper\">\n\t\t\t\t\t<span class=\"elementor-headline-dynamic-text elementor-headline-text-active\">\n\t\t\t\tCursos\t\t\t<\/span>\n\t\t\t\t\t\t<\/span>\n\t\t\t\t<\/h3>\n\t\t\t\t\t\t<\/div>\n\t\t\t\t<\/div>\n\t\t\t\t\t<\/div>\n\t\t\t\t<\/div>\n\t\t<div class=\"elementor-element elementor-element-adb21c6 e-flex e-con-boxed e-con e-parent\" data-id=\"adb21c6\" data-element_type=\"container\" data-e-type=\"container\">\n\t\t\t\t\t<div class=\"e-con-inner\">\n\t\t\t\t<div class=\"elementor-element elementor-element-bb72938 elementor-widget elementor-widget-tpc-ld-courses\" data-id=\"bb72938\" data-element_type=\"widget\" data-e-type=\"widget\" data-widget_type=\"tpc-ld-courses.default\">\n\t\t\t\t<div class=\"elementor-widget-container\">\n\t\t\t\t\t<section class=\"tpc-courses\"><div class=\"course__filter isotope-filter acenter\"><a href=\"#\" data-filter=\".tpc-course\" class=\"active\">All<span class=\"number_filter\"><\/span><\/a><a href=\"https:\/\/aienable.eu\/es\/course-category\/management\/\" data-filter=\".course-management\">Gesti\u00f3n<span class=\"number_filter\"><\/span><\/a><a href=\"https:\/\/aienable.eu\/es\/course-category\/teachers\/\" data-filter=\".course-teachers\">Profesores<span class=\"number_filter\"><\/span><\/a><\/div><div class=\"tpc-courses__grid grid-col--2 isotope\"><article class=\"tpc-course course-teachers\"><div class=\"course__container\"><div class=\"course__media\"><a class=\"course__media-link\" href=\"https:\/\/aienable.eu\/es\/courses\/ai-teach\/\"><img decoding=\"async\" src=\"https:\/\/aienable.eu\/wp-content\/uploads\/2025\/08\/AI-teach-image-740x540.jpg\" alt=\"\" \/><\/a>            <div class=\"course__content--info\"><div class=\"course__top-meta\"><div class=\"course__categories\"><a href=\"https:\/\/aienable.eu\/es\/course-category\/teachers\/\" rel=\"tag\">Profesores<\/a><\/div><\/div><h3 class=\"course__title\"><a class=\"course__title-link\" href=\"https:\/\/aienable.eu\/es\/courses\/ai-teach\/\">AI Teach: Potenciar el aprendizaje inclusivo con IA<\/a><\/h3><div class=\"course__excerpt\">Este curso est\u00e1 dise\u00f1ado para profesores de educaci\u00f3n superior que deseen mejorar sus pr\u00e1cticas de ense\u00f1anza inclusiva mediante la integraci\u00f3n de la inteligencia artificial (IA). Tanto si eres nuevo en la IA como si buscas utilizarla de forma m\u00e1s intencionada, este curso te...<\/div><div class=\"course-meta\"><\/div><\/div><div class=\"course__content--meta\"><div class=\"course__meta-left\">            <span class=\"course-lesson\"> \n                <i class=\"flaticon-book-1\"><\/i> \n                5 Lecciones                            <\/span>\n                    <span class=\"course-topic\"> \n                <i class=\"flaticon-book-1\"><\/i> \n                18 Temas                            <\/span>\n        <\/div><\/div><\/div><\/div><\/article><article class=\"tpc-course course-management\"><div class=\"course__container\"><div class=\"course__media\"><a class=\"course__media-link\" href=\"https:\/\/aienable.eu\/es\/courses\/ai-lead\/\"><img decoding=\"async\" src=\"https:\/\/aienable.eu\/wp-content\/uploads\/2025\/09\/iAI-lead-mage-740x540.jpg\" alt=\"\" \/><\/a>            <div class=\"course__content--info\"><div class=\"course__top-meta\"><div class=\"course__categories\"><a href=\"https:\/\/aienable.eu\/es\/course-category\/management\/\" rel=\"tag\">Gesti\u00f3n<\/a><\/div><\/div><h3 class=\"course__title\"><a class=\"course__title-link\" href=\"https:\/\/aienable.eu\/es\/courses\/ai-lead\/\">AI Lead: Liderar la inclusi\u00f3n y la innovaci\u00f3n con IA<\/a><\/h3><div class=\"course__excerpt\">Este curso est\u00e1 dirigido a l\u00edderes y gestores de la educaci\u00f3n superior que deseen impulsar la innovaci\u00f3n institucional mediante el uso \u00e9tico y estrat\u00e9gico de la IA. Aprenda a fomentar la inclusi\u00f3n, crear preparaci\u00f3n organizativa y aprovechar las herramientas de IA....<\/div><div class=\"course-meta\"><\/div><\/div><div class=\"course__content--meta\"><div class=\"course__meta-left\">            <span class=\"course-lesson\"> \n                <i class=\"flaticon-book-1\"><\/i> \n                4 Lecciones                            <\/span>\n                    <span class=\"course-topic\"> \n                <i class=\"flaticon-book-1\"><\/i> \n                14 Temas                            <\/span>\n        <\/div><\/div><\/div><\/div><\/article><article class=\"tpc-course course-management\"><div class=\"course__container\"><div class=\"course__media\"><a class=\"course__media-link\" href=\"https:\/\/aienable.eu\/es\/courses\/ai-lead-2\/\"><img decoding=\"async\" src=\"https:\/\/aienable.eu\/wp-content\/uploads\/2025\/09\/iAI-lead-mage-740x540.jpg\" alt=\"\" \/><\/a>            <div class=\"course__content--info\"><div class=\"course__top-meta\"><div class=\"course__categories\"><a href=\"https:\/\/aienable.eu\/es\/course-category\/management\/\" rel=\"tag\">Gesti\u00f3n<\/a><\/div><\/div><h3 class=\"course__title\"><a class=\"course__title-link\" href=\"https:\/\/aienable.eu\/es\/courses\/ai-lead-2\/\">Copia de AI Lead: Liderar la inclusi\u00f3n y la innovaci\u00f3n con IA<\/a><\/h3><div class=\"course__excerpt\">Este curso est\u00e1 dirigido a l\u00edderes y gestores de la educaci\u00f3n superior que deseen impulsar la innovaci\u00f3n institucional mediante el uso \u00e9tico y estrat\u00e9gico de la IA. Aprenda a fomentar la inclusi\u00f3n, crear preparaci\u00f3n organizativa y aprovechar las herramientas de IA....<\/div><div class=\"course-meta\"><\/div><\/div><div class=\"course__content--meta\"><div class=\"course__meta-left\">            <span class=\"course-lesson\"> \n                <i class=\"flaticon-book-1\"><\/i> \n                4 Lecciones                            <\/span>\n                    <span class=\"course-topic\"> \n                <i class=\"flaticon-book-1\"><\/i> \n                14 Temas                            <\/span>\n        <\/div><\/div><\/div><\/div><\/article><\/div><\/section>\t\t\t\t<\/div>\n\t\t\t\t<\/div>\n\t\t\t\t\t<\/div>\n\t\t\t\t<\/div>\n\t\t<div class=\"elementor-element elementor-element-6fb2b29 e-flex e-con-boxed e-con e-parent\" data-id=\"6fb2b29\" data-element_type=\"container\" data-e-type=\"container\">\n\t\t\t\t\t<div class=\"e-con-inner\">\n\t\t\t\t<div class=\"elementor-element elementor-element-3086893 elementor-widget elementor-widget-text-editor\" data-id=\"3086893\" data-element_type=\"widget\" data-e-type=\"widget\" data-widget_type=\"text-editor.default\">\n\t\t\t\t<div class=\"elementor-widget-container\">\n\t\t\t\t\t\t\t\t\t<p><span style=\"text-decoration: underline;\">Nota:<\/span><span class=\"s1\"> <\/span>Los cursos AI-ENABLE est\u00e1n dise\u00f1ados como <span class=\"s1\">recursos de aprendizaje abierto y a ritmo propio<\/span> - accesible en cualquier momento, sin necesidad de registrarse o iniciar sesi\u00f3n. Respetamos su privacidad y no recopilamos ninguna informaci\u00f3n personal, aparte de las estad\u00edsticas generales y an\u00f3nimas sobre las visitas al sitio web.<\/p>\t\t\t\t\t\t\t\t<\/div>\n\t\t\t\t<\/div>\n\t\t\t\t\t<\/div>\n\t\t\t\t<\/div>\n\t\t\t\t<\/div>","protected":false},"excerpt":{"rendered":"<p>Explore Our Courses AllManagementTeachers Teachers AI Teach: Empowering Inclusive Learning with AI This course is designed for higher education teachers who want to enhance their inclusive teaching practices by integrating artificial intelligence (AI). Whether you\u2019re new to AI or looking to use it more intentionally, this course will&#8230; 5 Lessons 18 Topics Management AI Lead: [&hellip;]<\/p>\n","protected":false},"author":7,"featured_media":0,"parent":0,"menu_order":0,"comment_status":"closed","ping_status":"closed","template":"","meta":{"_acf_changed":false,"footnotes":""},"class_list":["post-26224","page","type-page","status-publish","hentry"],"acf":[],"_links":{"self":[{"href":"https:\/\/aienable.eu\/es\/wp-json\/wp\/v2\/pages\/26224","targetHints":{"allow":["GET"]}}],"collection":[{"href":"https:\/\/aienable.eu\/es\/wp-json\/wp\/v2\/pages"}],"about":[{"href":"https:\/\/aienable.eu\/es\/wp-json\/wp\/v2\/types\/page"}],"author":[{"embeddable":true,"href":"https:\/\/aienable.eu\/es\/wp-json\/wp\/v2\/users\/7"}],"replies":[{"embeddable":true,"href":"https:\/\/aienable.eu\/es\/wp-json\/wp\/v2\/comments?post=26224"}],"version-history":[{"count":56,"href":"https:\/\/aienable.eu\/es\/wp-json\/wp\/v2\/pages\/26224\/revisions"}],"predecessor-version":[{"id":26472,"href":"https:\/\/aienable.eu\/es\/wp-json\/wp\/v2\/pages\/26224\/revisions\/26472"}],"wp:attachment":[{"href":"https:\/\/aienable.eu\/es\/wp-json\/wp\/v2\/media?parent=26224"}],"curies":[{"name":"wp","href":"https:\/\/api.w.org\/{rel}","templated":true}]}}